{"id":58,"date":"2023-04-17T09:28:58","date_gmt":"2023-04-17T09:28:58","guid":{"rendered":"https:\/\/www.rctrucktrial.cz\/rctt2\/?page_id=58"},"modified":"2023-04-17T09:36:18","modified_gmt":"2023-04-17T09:36:18","slug":"o-nas","status":"publish","type":"page","link":"https:\/\/www.rctrucktrial.cz\/rctt2\/o-nas\/","title":{"rendered":"O n\u00e1s"},"content":{"rendered":"<p><b>O n\u00e1s<\/b><\/p>\n<p>Klub RC Truck Trial Praha je pra\u017esk\u00fd klub, kter\u00fd se v\u011bnuje RC model\u016fm trialov\u00fdch aut. Vznikli jsme jako samostatn\u00fd pr\u00e1vn\u00ed subjekt a smyslem na\u0161eho po\u010d\u00edn\u00e1n\u00ed je po\u0159\u00e1dat z\u00e1vody RC Truck Trialu v Praze a nejbli\u017e\u0161\u00edm okol\u00ed.<\/p>\n<p><b>Co jsou a jak vypadaj\u00ed na\u0161e z\u00e1vody?<\/b><\/p>\n<p>Truck trial je specifick\u00e1 z\u00e1vodn\u00ed discipl\u00edna, kdy je \u00fakolem pos\u00e1dky ter\u00e9nn\u00edho speci\u00e1lu zdolat tra\u0165 vyty\u010denou brankami v \u010dasov\u00e9m limitu. Tak prob\u00edh\u00e1 truck trial ve velk\u00e9m m\u011b\u0159\u00edtku (1:1) a i ten n\u00e1\u0161 v m\u011b\u0159\u00edtku daleko vy\u0161\u0161\u00edm, nej\u010dast\u011bji 1:10 a 1:8 RCTT m\u00e1 n\u011bkolik z\u00e1sadn\u00edch v\u00fdhod. Jednak jsou z\u00e1vody minim\u00e1ln\u011b n\u00e1ro\u010dn\u00e9 na prostor a na vybaven\u00ed. Elektricky poh\u00e1n\u011bn\u00e9 modely nikoho nemohou ru\u0161it a i k \u017eivotn\u00edmu prost\u0159ed\u00ed je tato discipl\u00edna maxim\u00e1ln\u011b ohledupln\u00e1. Velk\u00fdm pozitivem pro jezdce jsou minim\u00e1ln\u011b dva fakty. Jednak je to v pom\u011bru s jin\u00fdmi kategoriemi mal\u00e1 finan\u010dn\u00ed n\u00e1ro\u010dnost. Investice do modelu je pom\u011brn\u011b jednor\u00e1zov\u00e1, opravy a n\u00e1kupy n\u00e1hradn\u00edch d\u00edl\u016f se tady s ohledem na dosahovan\u00e9 rychlost moc nekonaj\u00ed. Srovnatelnou n\u00e1ro\u010dnost lze naj\u00edt v RC Rallye. A tady jsme u druh\u00e9ho plusu. Z\u00e1vodn\u00ed modely t\u00e9to kategorie se toti\u017e pohybuj\u00ed rychlost\u00ed hodn\u011b voln\u00e9 ch\u016fze, tak\u017ee ani fyzick\u00e1 n\u00e1ro\u010dnost nen\u00ed vysok\u00e1. Z\u00e1vody V\u00e1m tak pomohou str\u00e1vit den, mezi stejn\u00fdmi nad\u0161enci, na \u010derstv\u00e9m vzduchu, nez\u0159\u00eddka p\u0159\u00edmo v lese a p\u0159edev\u0161\u00edm v kl\u00eddku. Co v\u00edc si p\u0159\u00e1t?<\/p>\n<p><b>Co se jezd\u00ed?<\/b><\/p>\n<p>V\u011bnujeme se v\u00fdhradn\u011b jedn\u00e9 kategorii a tou je truck trial. Tedy technick\u00e1 j\u00edzda ve zd\u00e1nliv\u011b nep\u0159ekonateln\u00e9m a nepr\u016fchodn\u00e9m ter\u00e9nu. Nen\u00ed to ov\u0161em jen o vyjet\u00ed prudk\u00e9ho kopce. Jde p\u0159edev\u0161\u00edm o to, aby se sout\u011b\u017e\u00edc\u00ed v ter\u00e9nu spr\u00e1vn\u011b zorientoval a ve stanoven\u00e9m \u010dasov\u00e9m limitu zdolal trasu vyty\u010denou brankami.<\/p>\n<p><b>Jak\u00e1 je historie?<\/b><\/p>\n<p>Od roku 2008 po\u0159\u00e1d\u00e1me pravideln\u011b letn\u00ed a zimn\u00ed poh\u00e1r pro z\u00e1vodn\u00edky z cel\u00e9 republiky. Nep\u0159\u00edmo jsme tak nav\u00e1zali na z\u00e1vody d\u0159\u00edve je\u017ed\u011bn\u00e9 nedaleko Plzn\u011b, na Mo\u0159in\u011b se tak potk\u00e1te se z\u00e1stupci v\u0161ech kategori\u00ed.<\/p>\n<p><b>Kdy se jezd\u00ed?<\/b><\/p>\n<p>Sledujte n\u00e1\u0161 kalend\u00e1\u0159, kde jsou term\u00edny a lokality z\u00e1vod\u016f. Proto\u017ee jsme sou\u010d\u00e1st\u00ed pra\u017esk\u00e9ho klubu, je na\u0161\u00ed snahou i z\u00e1vody po\u0159\u00e1dat v Praze a bl\u00edzk\u00e9m okol\u00ed.<\/p>\n<p><b>Kde jsou z\u00e1vody?<\/b><\/p>\n<p>Jezd\u00edme na z\u00e1vodi\u0161ti na Mo\u0159in\u011b, kter\u00e9 je ve v\u00fdhradn\u00ed spr\u00e1v\u011b klubu. Jedn\u00e1 se o uzav\u0159enou lokalitu se z\u00e1zem\u00edm a upraven\u00fdm ter\u00e9nem o plo\u0161e asi 2000 m2 pro variabilitu trat\u00ed. P\u0159\u00edstupov\u00e1 cesta je zpevn\u011bn\u00e1 a upravena bezprobl\u00e9mov\u00fd p\u0159\u00edstup osobn\u00edmi automobily.<\/p>\n<p>Z\u00e1vodi\u0161t\u011b je ur\u010deno v\u00fdhradn\u011b pro elektricky ovl\u00e1dan\u00e9 modely nen\u00ed p\u0159\u00edstupn\u00e9 ve\u0159ejnosti mimo term\u00edny po\u0159\u00e1dan\u00fdch z\u00e1vod\u016f.<\/p>\n<p><strong>GPS:<\/strong> 49\u00b058&#8217;8.922&#8243;N, 14\u00b013&#8217;14.937&#8243;E<\/p>\n<p><b>Mapa z\u00e1vodi\u0161t\u011b<\/b><iframe loading=\"lazy\" style=\"border: 0;\" src=\"https:\/\/www.google.com\/maps\/embed?pb=!1m14!1m8!1m3!1d1283.123183411699!2d14.220799706745453!3d49.969238160544236!3m2!1i1024!2i768!4f13.1!3m3!1m2!1s0x0%3A0x0!2zNDnCsDU4JzA4LjkiTiAxNMKwMTMnMTQuOSJF!5e0!3m2!1scs!2scz!4v1428930322141\" width=\"600\" height=\"450\" frameborder=\"0\"><\/iframe><\/p>\n","protected":false},"excerpt":{"rendered":"<p>O n\u00e1s Klub RC Truck Trial Praha je pra\u017esk\u00fd klub, kter\u00fd se v\u011bnuje RC model\u016fm trialov\u00fdch aut. Vznikli jsme jako samostatn\u00fd pr\u00e1vn\u00ed subjekt a smyslem na\u0161eho po\u010d\u00edn\u00e1n\u00ed je po\u0159\u00e1dat z\u00e1vody RC Truck Trialu v Praze a nejbli\u017e\u0161\u00edm okol\u00ed. Co jsou a jak vypadaj\u00ed na\u0161e z\u00e1vody? Truck trial je specifick\u00e1 z\u00e1vodn\u00ed discipl\u00edna, kdy je \u00fakolem pos\u00e1dky [&hellip;]<\/p>\n","protected":false},"author":1,"featured_media":0,"parent":0,"menu_order":0,"comment_status":"closed","ping_status":"closed","template":"","meta":{"footnotes":""},"class_list":["post-58","page","type-page","status-publish","hentry"],"_links":{"self":[{"href":"https:\/\/www.rctrucktrial.cz\/rctt2\/wp-json\/wp\/v2\/pages\/58","targetHints":{"allow":["GET"]}}],"collection":[{"href":"https:\/\/www.rctrucktrial.cz\/rctt2\/wp-json\/wp\/v2\/pages"}],"about":[{"href":"https:\/\/www.rctrucktrial.cz\/rctt2\/wp-json\/wp\/v2\/types\/page"}],"author":[{"embeddable":true,"href":"https:\/\/www.rctrucktrial.cz\/rctt2\/wp-json\/wp\/v2\/users\/1"}],"replies":[{"embeddable":true,"href":"https:\/\/www.rctrucktrial.cz\/rctt2\/wp-json\/wp\/v2\/comments?post=58"}],"version-history":[{"count":3,"href":"https:\/\/www.rctrucktrial.cz\/rctt2\/wp-json\/wp\/v2\/pages\/58\/revisions"}],"predecessor-version":[{"id":62,"href":"https:\/\/www.rctrucktrial.cz\/rctt2\/wp-json\/wp\/v2\/pages\/58\/revisions\/62"}],"wp:attachment":[{"href":"https:\/\/www.rctrucktrial.cz\/rctt2\/wp-json\/wp\/v2\/media?parent=58"}],"curies":[{"name":"wp","href":"https:\/\/api.w.org\/{rel}","templated":true}]}}