{"id":48,"date":"2023-04-17T07:59:13","date_gmt":"2023-04-17T07:59:13","guid":{"rendered":"https:\/\/www.rctrucktrial.cz\/rctt2\/?page_id=48"},"modified":"2026-02-06T19:15:24","modified_gmt":"2026-02-06T19:15:24","slug":"terminy-zavodu","status":"publish","type":"page","link":"https:\/\/www.rctrucktrial.cz\/rctt2\/terminy-zavodu\/","title":{"rendered":"Term\u00edny z\u00e1vod\u016f"},"content":{"rendered":"\n<p><\/p>\n\n\n<hr \/>\n<h1><strong>Letn\u00ed poh\u00e1r RCTT 2026<\/strong><\/h1>\n<table border=\"0\" width=\"100%\">\n<tbody>\n<tr>\n<td class=\"podnadpis\" width=\"25%\"><strong>I. z\u00e1vod<\/strong><\/td>\n<td class=\"podnadpis\" width=\"25%\">\n<p>sobota 18. 4. 2026<\/p>\n<\/td>\n<td class=\"podnadpis\" width=\"25%\">\n<p><span style=\"font-family: inherit; font-size: inherit; font-weight: inherit; color: initial;\">10:00-17:00<\/span><\/p>\n<\/td>\n<td class=\"podnadpis\" width=\"25%\">\n<p>Mo\u0159ina<br \/>(<a href=\"http:\/\/www.mapy.cz\/#x=132610304@y=135528320@z=14@mm=ZP@ax=132613888@ay=135531968@at=RCTT@ad=z%C3%A1vody@sa=s@st=s@ssq=mo%C5%99ina@sss=1@ssp=138208251_132475734_146187259_138324822\">mapa<\/a>)<\/p>\n<\/td>\n<\/tr>\n<\/tbody>\n<\/table>\n<table border=\"0\" width=\"100%\">\n<tbody>\n<tr>\n<td class=\"podnadpis\" width=\"25%\"><strong>II. z\u00e1vod<\/strong><\/td>\n<td class=\"podnadpis\" width=\"25%\">\n<p>sobota 24. 5. 2026<\/p>\n<\/td>\n<td class=\"podnadpis\" width=\"25%\">10:00-17:00<\/td>\n<td class=\"podnadpis\" width=\"25%\">\n<p>Mo\u0159ina<br \/>(<a href=\"http:\/\/www.mapy.cz\/#x=132610304@y=135528320@z=14@mm=ZP@ax=132613888@ay=135531968@at=RCTT@ad=z%C3%A1vody@sa=s@st=s@ssq=mo%C5%99ina@sss=1@ssp=138208251_132475734_146187259_138324822\">mapa<\/a>)<\/p>\n<\/td>\n<\/tr>\n<\/tbody>\n<\/table>\n<table border=\"0\" width=\"100%\">\n<tbody>\n<tr>\n<td class=\"podnadpis\" width=\"25%\">\n<p><strong>III. z\u00e1vod<\/strong><\/p>\n<\/td>\n<td class=\"podnadpis\" width=\"25%\">sobota 20. 6. 2026<\/td>\n<td class=\"podnadpis\" width=\"25%\">10:00-17:00<\/td>\n<td class=\"podnadpis\" width=\"25%\">\n<p>Mo\u0159ina<br \/>(<a href=\"http:\/\/www.mapy.cz\/#x=132610304@y=135528320@z=14@mm=ZP@ax=132613888@ay=135531968@at=RCTT@ad=z%C3%A1vody@sa=s@st=s@ssq=mo%C5%99ina@sss=1@ssp=138208251_132475734_146187259_138324822\">mapa<\/a>)<\/p>\n<\/td>\n<\/tr>\n<\/tbody>\n<\/table>\n<table border=\"0\" width=\"100%\">\n<tbody>\n<tr>\n<td class=\"podnadpis\" width=\"25%\">\n<p><strong>IV. z\u00e1vod<\/strong><\/p>\n<\/td>\n<td class=\"podnadpis\" width=\"25%\">\n<p><span style=\"font-family: inherit; font-size: inherit; font-weight: inherit;\">sobota 19. 9. 2026<br \/><\/span><\/p>\n<\/td>\n<td class=\"podnadpis\" width=\"25%\">10:00-17:00<\/td>\n<td class=\"podnadpis\" width=\"25%\">\n<p>Mo\u0159ina<br \/>(<a href=\"http:\/\/www.mapy.cz\/#x=132610304@y=135528320@z=14@mm=ZP@ax=132613888@ay=135531968@at=RCTT@ad=z%C3%A1vody@sa=s@st=s@ssq=mo%C5%99ina@sss=1@ssp=138208251_132475734_146187259_138324822\">mapa<\/a>)<\/p>\n<\/td>\n<\/tr>\n<\/tbody>\n<\/table>\n<table border=\"0\" width=\"100%\">\n<tbody>\n<tr>\n<td class=\"podnadpis\" width=\"25%\">\n<p><strong>V. z\u00e1vod<\/strong><\/p>\n<\/td>\n<td class=\"podnadpis\" width=\"25%\">\n<p>sobota 17. 10. 2025<\/p>\n<\/td>\n<td class=\"podnadpis\" width=\"25%\">10:00-17:00<\/td>\n<td class=\"podnadpis\" width=\"25%\">\n<p>Mo\u0159ina<br \/>(<a href=\"http:\/\/www.mapy.cz\/#x=132610304@y=135528320@z=14@mm=ZP@ax=132613888@ay=135531968@at=RCTT@ad=z%C3%A1vody@sa=s@st=s@ssq=mo%C5%99ina@sss=1@ssp=138208251_132475734_146187259_138324822\">mapa<\/a>)<\/p>\n<\/td>\n<\/tr>\n<\/tbody>\n<\/table>","protected":false},"excerpt":{"rendered":"<p>Letn\u00ed poh\u00e1r RCTT 2026 I. z\u00e1vod sobota 18. 4. 2026 10:00-17:00 Mo\u0159ina(mapa) II. z\u00e1vod sobota 24. 5. 2026 10:00-17:00 Mo\u0159ina(mapa) III. z\u00e1vod sobota 20. 6. 2026 10:00-17:00 Mo\u0159ina(mapa) IV. z\u00e1vod sobota 19. 9. 2026 10:00-17:00 Mo\u0159ina(mapa) V. z\u00e1vod sobota 17. 10. 2025 10:00-17:00 Mo\u0159ina(mapa)<\/p>\n","protected":false},"author":1,"featured_media":0,"parent":0,"menu_order":0,"comment_status":"closed","ping_status":"closed","template":"","meta":{"footnotes":""},"class_list":["post-48","page","type-page","status-publish","hentry"],"_links":{"self":[{"href":"https:\/\/www.rctrucktrial.cz\/rctt2\/wp-json\/wp\/v2\/pages\/48","targetHints":{"allow":["GET"]}}],"collection":[{"href":"https:\/\/www.rctrucktrial.cz\/rctt2\/wp-json\/wp\/v2\/pages"}],"about":[{"href":"https:\/\/www.rctrucktrial.cz\/rctt2\/wp-json\/wp\/v2\/types\/page"}],"author":[{"embeddable":true,"href":"https:\/\/www.rctrucktrial.cz\/rctt2\/wp-json\/wp\/v2\/users\/1"}],"replies":[{"embeddable":true,"href":"https:\/\/www.rctrucktrial.cz\/rctt2\/wp-json\/wp\/v2\/comments?post=48"}],"version-history":[{"count":10,"href":"https:\/\/www.rctrucktrial.cz\/rctt2\/wp-json\/wp\/v2\/pages\/48\/revisions"}],"predecessor-version":[{"id":125,"href":"https:\/\/www.rctrucktrial.cz\/rctt2\/wp-json\/wp\/v2\/pages\/48\/revisions\/125"}],"wp:attachment":[{"href":"https:\/\/www.rctrucktrial.cz\/rctt2\/wp-json\/wp\/v2\/media?parent=48"}],"curies":[{"name":"wp","href":"https:\/\/api.w.org\/{rel}","templated":true}]}}